{"id":5260,"date":"2022-11-30T15:42:34","date_gmt":"2022-11-30T14:42:34","guid":{"rendered":"https:\/\/isovin.ch\/product\/classique\/"},"modified":"2026-03-05T15:00:50","modified_gmt":"2026-03-05T14:00:50","slug":"classique","status":"publish","type":"product","link":"https:\/\/isovin.ch\/de\/product\/classique\/","title":{"rendered":"Flaschenk\u00fchler: Klassisch"},"content":{"rendered":"<ul class=\"\">\n<li class=\"\">Dieser K\u00fchler h\u00e4lt Ihre Flaschen dank der hervorragenden Isolierf\u00e4higkeit des Holzes k\u00fchl (Ausgangstemperatur).<\/li>\n<li class=\"\">Gebrauchsanweisung: Nehmen Sie Ihre Flasche aus dem K\u00fchlschrank oder Keller und stellen Sie sie in Ihren Weink\u00fchler. Sie wird die urspr\u00fcngliche Temperatur dank der au\u00dfergew\u00f6hnlichen nat\u00fcrlichen Isolierf\u00e4higkeit von Holz etwa eine Stunde lang halten. Die Isotherme aus Holz l\u00e4sst keine UV-Strahlen durch. Umweltfreundlich, einfach, nat\u00fcrlich und effizient&#8230; Jede Isolierkanne ist einzigartig.<\/li>\n<li class=\"\">Pflege: Holzk\u00fchler sind mit einer Lackschicht \u00fcberzogen, sodass ein leicht feuchtes Tuch zur Pflege ausreicht.<\/li>\n<li class=\"\">Abmessungen: H\u00f6he 230mm \/ Innendurchmesser 86 mm \/ Au\u00dfendurchmesser 109 mm Geeignet f\u00fcr fast alle Schweizer Weinflaschen. Ausgenommen sind einige Schweizer Spezialit\u00e4ten und Champagner (siehe Champagner).  <\/li>\n<li class=\"\">18 Gravuren nach Wahl auf allen Grundmodellen (F\u00e4sser, Klassiker, Milchkanne)<\/li>\n<li class=\"\">Handwerklich \/ nat\u00fcrlich \/ \u00f6kologisch \/<\/li>\n<li class=\"\">Material: PEFC-zertifiziertes Buchenholz, das in unseren Werkst\u00e4tten verleimt und ged\u00e4mpft wurde. Dieses einzigartige Konzept, das vor 20 Jahren entwickelt wurde, verleiht der Isolierkanne eine hohe Stabilit\u00e4t und verhindert Risse. <\/li>\n<\/ul>\n","protected":false},"excerpt":{"rendered":"<p>Dieser K\u00fchler h\u00e4lt Ihre Flaschen dank der hervorragenden Isolierf\u00e4higkeit des Holzes k\u00fchl (Ausgangstemperatur). W\u00e4hlen Sie Ihre Gravur!<\/p>\n<p><em>Produkt unterliegt nicht der Mehrwertsteuer<br \/>\nDiese Artikel werden in Handarbeit hergestellt. Im Falle eines vor\u00fcbergehenden Ausverkaufs informieren wir Sie per E-Mail \u00fcber die Lieferzeit.<br \/>\n<\/em><\/p>\n<p>M\u00f6chten Sie eine pers\u00f6nliche Gravur f\u00fcr sich oder Ihr Restaurant? <a href=\"https:\/\/isovin.ch\/de\/kontakt\/\">Kontaktieren Sie uns!<\/a><\/p>\n<p><em> <\/em><\/p>\n","protected":false},"featured_media":5291,"comment_status":"open","ping_status":"closed","template":"","meta":{"_crdt_document":"","jetpack_publicize_message":"","jetpack_publicize_feature_enabled":true,"jetpack_social_post_already_shared":true,"jetpack_social_options":{"image_generator_settings":{"template":"highway","default_image_id":0,"font":"","enabled":false},"version":2},"_wpas_customize_per_network":false},"product_brand":[],"product_cat":[],"product_tag":[],"class_list":{"0":"post-5260","1":"product","2":"type-product","3":"status-publish","4":"has-post-thumbnail","7":"first","8":"instock","9":"shipping-taxable","10":"purchasable","11":"product-type-variable"},"jetpack_publicize_connections":[],"jetpack_likes_enabled":true,"jetpack_sharing_enabled":true,"jetpack-related-posts":[{"id":2978,"url":"https:\/\/isovin.ch\/de\/product\/flaschenkuehler-elegance\/","url_meta":{"origin":5260,"position":0},"title":"Flaschenk\u00fchler: \u00c9legance","author":"angenceinoui","date":"23. September 2024","format":false,"excerpt":"Dieser K\u00fchler h\u00e4lt Ihre Flaschen dank der hervorragenden Isolierf\u00e4higkeit des Holzes k\u00fchl (Ausgangstemperatur). W\u00e4hlen Sie Ihre Gravur! Produkt unterliegt nicht der Mehrwertsteuer Diese Artikel werden in Handarbeit hergestellt. Im Falle eines vor\u00fcbergehenden Ausverkaufs informieren wir Sie per E-Mail \u00fcber die Lieferzeit. M\u00f6chten Sie eine pers\u00f6nliche Gravur f\u00fcr sich oder Ihr\u2026","rel":"","context":"\u00c4hnlicher Beitrag","block_context":{"text":"\u00c4hnlicher Beitrag","link":""},"img":{"alt_text":"","src":"https:\/\/i0.wp.com\/isovin.ch\/wp-content\/uploads\/2024\/09\/20250828_Isovin_Elegant_Prix.jpg?resize=350%2C200&ssl=1","width":350,"height":200,"srcset":"https:\/\/i0.wp.com\/isovin.ch\/wp-content\/uploads\/2024\/09\/20250828_Isovin_Elegant_Prix.jpg?resize=350%2C200&ssl=1 1x, https:\/\/i0.wp.com\/isovin.ch\/wp-content\/uploads\/2024\/09\/20250828_Isovin_Elegant_Prix.jpg?resize=525%2C300&ssl=1 1.5x, https:\/\/i0.wp.com\/isovin.ch\/wp-content\/uploads\/2024\/09\/20250828_Isovin_Elegant_Prix.jpg?resize=700%2C400&ssl=1 2x, https:\/\/i0.wp.com\/isovin.ch\/wp-content\/uploads\/2024\/09\/20250828_Isovin_Elegant_Prix.jpg?resize=1050%2C600&ssl=1 3x, https:\/\/i0.wp.com\/isovin.ch\/wp-content\/uploads\/2024\/09\/20250828_Isovin_Elegant_Prix.jpg?resize=1400%2C800&ssl=1 4x"},"classes":[]},{"id":1253,"url":"https:\/\/isovin.ch\/de\/product\/bouchon\/","url_meta":{"origin":5260,"position":1},"title":"Flaschenk\u00fchler: Kork","author":"angenceinoui","date":"11. Dezember 2022","format":false,"excerpt":"Dieser K\u00fchler h\u00e4lt Ihre Flaschen dank der hervorragenden Isolierf\u00e4higkeit des Holzes k\u00fchl (Ausgangstemperatur). W\u00e4hlen Sie Ihre Gravur! Produkt unterliegt nicht der Mehrwertsteuer Diese Artikel werden in Handarbeit hergestellt. Im Falle eines vor\u00fcbergehenden Ausverkaufs informieren wir Sie per E-Mail \u00fcber die Lieferzeit. M\u00f6chten Sie eine pers\u00f6nliche Gravur f\u00fcr sich oder Ihr\u2026","rel":"","context":"\u00c4hnlicher Beitrag","block_context":{"text":"\u00c4hnlicher Beitrag","link":""},"img":{"alt_text":"","src":"https:\/\/i0.wp.com\/isovin.ch\/wp-content\/uploads\/2025\/08\/20230126_CL_rafraichisseur_pour_bouteille_flaschenkuhler_Holz_Bouchon_PackShotBlack_BouchonValais_100_PrixOption2.jpg?resize=350%2C200&ssl=1","width":350,"height":200,"srcset":"https:\/\/i0.wp.com\/isovin.ch\/wp-content\/uploads\/2025\/08\/20230126_CL_rafraichisseur_pour_bouteille_flaschenkuhler_Holz_Bouchon_PackShotBlack_BouchonValais_100_PrixOption2.jpg?resize=350%2C200&ssl=1 1x, https:\/\/i0.wp.com\/isovin.ch\/wp-content\/uploads\/2025\/08\/20230126_CL_rafraichisseur_pour_bouteille_flaschenkuhler_Holz_Bouchon_PackShotBlack_BouchonValais_100_PrixOption2.jpg?resize=525%2C300&ssl=1 1.5x, https:\/\/i0.wp.com\/isovin.ch\/wp-content\/uploads\/2025\/08\/20230126_CL_rafraichisseur_pour_bouteille_flaschenkuhler_Holz_Bouchon_PackShotBlack_BouchonValais_100_PrixOption2.jpg?resize=700%2C400&ssl=1 2x, https:\/\/i0.wp.com\/isovin.ch\/wp-content\/uploads\/2025\/08\/20230126_CL_rafraichisseur_pour_bouteille_flaschenkuhler_Holz_Bouchon_PackShotBlack_BouchonValais_100_PrixOption2.jpg?resize=1050%2C600&ssl=1 3x, https:\/\/i0.wp.com\/isovin.ch\/wp-content\/uploads\/2025\/08\/20230126_CL_rafraichisseur_pour_bouteille_flaschenkuhler_Holz_Bouchon_PackShotBlack_BouchonValais_100_PrixOption2.jpg?resize=1400%2C800&ssl=1 4x"},"classes":[]},{"id":1254,"url":"https:\/\/isovin.ch\/de\/product\/tonneau\/","url_meta":{"origin":5260,"position":2},"title":"Flaschenk\u00fchler: Fass","author":"angenceinoui","date":"4. Dezember 2022","format":false,"excerpt":"Dieser K\u00fchler h\u00e4lt Ihre Flaschen dank der hervorragenden Isolierf\u00e4higkeit des Holzes k\u00fchl (Ausgangstemperatur). W\u00e4hlen Sie Ihre Gravur! Produkt unterliegt nicht der Mehrwertsteuer Diese Artikel werden in Handarbeit hergestellt. Im Falle eines vor\u00fcbergehenden Ausverkaufs informieren wir Sie per E-Mail \u00fcber die Lieferzeit. M\u00f6chten Sie eine pers\u00f6nliche Gravur f\u00fcr sich oder Ihr\u2026","rel":"","context":"\u00c4hnlicher Beitrag","block_context":{"text":"\u00c4hnlicher Beitrag","link":""},"img":{"alt_text":"","src":"https:\/\/i0.wp.com\/isovin.ch\/wp-content\/uploads\/2022\/12\/ImageMiseEnAvantTonneau_PrixOption2.jpg?resize=350%2C200&ssl=1","width":350,"height":200,"srcset":"https:\/\/i0.wp.com\/isovin.ch\/wp-content\/uploads\/2022\/12\/ImageMiseEnAvantTonneau_PrixOption2.jpg?resize=350%2C200&ssl=1 1x, https:\/\/i0.wp.com\/isovin.ch\/wp-content\/uploads\/2022\/12\/ImageMiseEnAvantTonneau_PrixOption2.jpg?resize=525%2C300&ssl=1 1.5x, https:\/\/i0.wp.com\/isovin.ch\/wp-content\/uploads\/2022\/12\/ImageMiseEnAvantTonneau_PrixOption2.jpg?resize=700%2C400&ssl=1 2x, https:\/\/i0.wp.com\/isovin.ch\/wp-content\/uploads\/2022\/12\/ImageMiseEnAvantTonneau_PrixOption2.jpg?resize=1050%2C600&ssl=1 3x, https:\/\/i0.wp.com\/isovin.ch\/wp-content\/uploads\/2022\/12\/ImageMiseEnAvantTonneau_PrixOption2.jpg?resize=1400%2C800&ssl=1 4x"},"classes":[]},{"id":5214,"url":"https:\/\/isovin.ch\/de\/product\/boille-a-lait\/","url_meta":{"origin":5260,"position":3},"title":"Flaschenk\u00fchler: Milchkanne","author":"angenceinoui","date":"4. Dezember 2022","format":false,"excerpt":"Dieser K\u00fchler h\u00e4lt Ihre Flaschen dank der hervorragenden Isolierf\u00e4higkeit des Holzes k\u00fchl (Ausgangstemperatur). W\u00e4hlen Sie Ihre Gravur! Produkt unterliegt nicht der Mehrwertsteuer Diese Artikel werden in Handarbeit hergestellt. Im Falle eines vor\u00fcbergehenden Ausverkaufs informieren wir Sie per E-Mail \u00fcber die Lieferzeit. M\u00f6chten Sie eine pers\u00f6nliche Gravur f\u00fcr sich oder Ihr\u2026","rel":"","context":"\u00c4hnlicher Beitrag","block_context":{"text":"\u00c4hnlicher Beitrag","link":""},"img":{"alt_text":"","src":"https:\/\/i0.wp.com\/isovin.ch\/wp-content\/uploads\/2022\/12\/ImageMiseEnAvantBoille_PrixOption2.jpg?resize=350%2C200&ssl=1","width":350,"height":200,"srcset":"https:\/\/i0.wp.com\/isovin.ch\/wp-content\/uploads\/2022\/12\/ImageMiseEnAvantBoille_PrixOption2.jpg?resize=350%2C200&ssl=1 1x, https:\/\/i0.wp.com\/isovin.ch\/wp-content\/uploads\/2022\/12\/ImageMiseEnAvantBoille_PrixOption2.jpg?resize=525%2C300&ssl=1 1.5x, https:\/\/i0.wp.com\/isovin.ch\/wp-content\/uploads\/2022\/12\/ImageMiseEnAvantBoille_PrixOption2.jpg?resize=700%2C400&ssl=1 2x, https:\/\/i0.wp.com\/isovin.ch\/wp-content\/uploads\/2022\/12\/ImageMiseEnAvantBoille_PrixOption2.jpg?resize=1050%2C600&ssl=1 3x, https:\/\/i0.wp.com\/isovin.ch\/wp-content\/uploads\/2022\/12\/ImageMiseEnAvantBoille_PrixOption2.jpg?resize=1400%2C800&ssl=1 4x"},"classes":[]},{"id":4544,"url":"https:\/\/isovin.ch\/de\/product\/flaschenkuehler-klassisch-modern-humorvoll\/","url_meta":{"origin":5260,"position":4},"title":"Flaschenk\u00fchler: Klassisch Modern &amp; Humorvoll","author":"Bastien Alter","date":"7. Juli 2025","format":false,"excerpt":"Dieser K\u00fchler h\u00e4lt Ihre Flaschen dank der hervorragenden Isolierf\u00e4higkeit des Holzes k\u00fchl (Ausgangstemperatur). W\u00e4hlen Sie Ihren 3D-Druck! Produkt unterliegt nicht der Mehrwertsteuer Diese Artikel werden in Handarbeit hergestellt. Im Falle eines vor\u00fcbergehenden Ausverkaufs informieren wir Sie per E-Mail \u00fcber die Lieferzeit. M\u00f6chten Sie eine pers\u00f6nliche Gravur f\u00fcr sich oder Ihr\u2026","rel":"","context":"\u00c4hnlicher Beitrag","block_context":{"text":"\u00c4hnlicher Beitrag","link":""},"img":{"alt_text":"","src":"https:\/\/i0.wp.com\/isovin.ch\/wp-content\/uploads\/2025\/08\/ImageMiseEnAvantClassicModerne_new_PrixOption2.jpg?resize=350%2C200&ssl=1","width":350,"height":200,"srcset":"https:\/\/i0.wp.com\/isovin.ch\/wp-content\/uploads\/2025\/08\/ImageMiseEnAvantClassicModerne_new_PrixOption2.jpg?resize=350%2C200&ssl=1 1x, https:\/\/i0.wp.com\/isovin.ch\/wp-content\/uploads\/2025\/08\/ImageMiseEnAvantClassicModerne_new_PrixOption2.jpg?resize=525%2C300&ssl=1 1.5x, https:\/\/i0.wp.com\/isovin.ch\/wp-content\/uploads\/2025\/08\/ImageMiseEnAvantClassicModerne_new_PrixOption2.jpg?resize=700%2C400&ssl=1 2x, https:\/\/i0.wp.com\/isovin.ch\/wp-content\/uploads\/2025\/08\/ImageMiseEnAvantClassicModerne_new_PrixOption2.jpg?resize=1050%2C600&ssl=1 3x, https:\/\/i0.wp.com\/isovin.ch\/wp-content\/uploads\/2025\/08\/ImageMiseEnAvantClassicModerne_new_PrixOption2.jpg?resize=1400%2C800&ssl=1 4x"},"classes":[]},{"id":1843,"url":"https:\/\/isovin.ch\/de\/product\/champagne\/","url_meta":{"origin":5260,"position":5},"title":"Flaschenk\u00fchler: Spezielle Weine &#8211; Klassiker","author":"angenceinoui","date":"10. Januar 2024","format":false,"excerpt":"Dieser K\u00fchler h\u00e4lt Ihre Flaschen dank der hervorragenden Isolierf\u00e4higkeit des Holzes k\u00fchl (Ausgangstemperatur). W\u00e4hlen Sie Ihre Gravur! Produkt unterliegt nicht der Mehrwertsteuer Diese Artikel werden in Handarbeit hergestellt. Im Falle eines vor\u00fcbergehenden Ausverkaufs informieren wir Sie per E-Mail \u00fcber die Lieferzeit. M\u00f6chten Sie eine pers\u00f6nliche Gravur f\u00fcr sich oder Ihr\u2026","rel":"","context":"\u00c4hnlicher Beitrag","block_context":{"text":"\u00c4hnlicher Beitrag","link":""},"img":{"alt_text":"","src":"https:\/\/i0.wp.com\/isovin.ch\/wp-content\/uploads\/2024\/01\/20250828_Isovin_VinSpeciaux_Prix.jpg?resize=350%2C200&ssl=1","width":350,"height":200,"srcset":"https:\/\/i0.wp.com\/isovin.ch\/wp-content\/uploads\/2024\/01\/20250828_Isovin_VinSpeciaux_Prix.jpg?resize=350%2C200&ssl=1 1x, https:\/\/i0.wp.com\/isovin.ch\/wp-content\/uploads\/2024\/01\/20250828_Isovin_VinSpeciaux_Prix.jpg?resize=525%2C300&ssl=1 1.5x, https:\/\/i0.wp.com\/isovin.ch\/wp-content\/uploads\/2024\/01\/20250828_Isovin_VinSpeciaux_Prix.jpg?resize=700%2C400&ssl=1 2x, https:\/\/i0.wp.com\/isovin.ch\/wp-content\/uploads\/2024\/01\/20250828_Isovin_VinSpeciaux_Prix.jpg?resize=1050%2C600&ssl=1 3x, https:\/\/i0.wp.com\/isovin.ch\/wp-content\/uploads\/2024\/01\/20250828_Isovin_VinSpeciaux_Prix.jpg?resize=1400%2C800&ssl=1 4x"},"classes":[]}],"_links":{"self":[{"href":"https:\/\/isovin.ch\/de\/wp-json\/wp\/v2\/product\/5260","targetHints":{"allow":["GET"]}}],"collection":[{"href":"https:\/\/isovin.ch\/de\/wp-json\/wp\/v2\/product"}],"about":[{"href":"https:\/\/isovin.ch\/de\/wp-json\/wp\/v2\/types\/product"}],"replies":[{"embeddable":true,"href":"https:\/\/isovin.ch\/de\/wp-json\/wp\/v2\/comments?post=5260"}],"wp:featuredmedia":[{"embeddable":true,"href":"https:\/\/isovin.ch\/de\/wp-json\/wp\/v2\/media\/5291"}],"wp:attachment":[{"href":"https:\/\/isovin.ch\/de\/wp-json\/wp\/v2\/media?parent=5260"}],"wp:term":[{"taxonomy":"product_brand","embeddable":true,"href":"https:\/\/isovin.ch\/de\/wp-json\/wp\/v2\/product_brand?post=5260"},{"taxonomy":"product_cat","embeddable":true,"href":"https:\/\/isovin.ch\/de\/wp-json\/wp\/v2\/product_cat?post=5260"},{"taxonomy":"product_tag","embeddable":true,"href":"https:\/\/isovin.ch\/de\/wp-json\/wp\/v2\/product_tag?post=5260"}],"curies":[{"name":"wp","href":"https:\/\/api.w.org\/{rel}","templated":true}]}}